{"id":183,"date":"2017-10-09T21:20:49","date_gmt":"2017-10-09T19:20:49","guid":{"rendered":"https:\/\/www.napcoglobal.com\/?page_id=183"},"modified":"2018-08-24T13:51:39","modified_gmt":"2018-08-24T11:51:39","slug":"a-propos","status":"publish","type":"page","link":"https:\/\/www.napcoglobal.com\/fr\/a-propos\/","title":{"rendered":"A propos"},"content":{"rendered":"<p>[vc_row css_animation=\u00a0\u00bb\u00a0\u00bb row_type=\u00a0\u00bbrow\u00a0\u00bb use_row_as_full_screen_section=\u00a0\u00bbno\u00a0\u00bb type=\u00a0\u00bbgrid\u00a0\u00bb angled_section=\u00a0\u00bbno\u00a0\u00bb text_align=\u00a0\u00bbleft\u00a0\u00bb background_image_as_pattern=\u00a0\u00bbwithout_pattern\u00a0\u00bb el_id=\u00a0\u00bblogo-animation-trigger\u00a0\u00bb][vc_column][qode_elements_holder number_of_columns=\u00a0\u00bbtwo_columns\u00a0\u00bb alignment_one_column=\u00a0\u00bbleft\u00a0\u00bb][qode_elements_holder_item vertical_alignment=\u00a0\u00bbmiddle\u00a0\u00bb advanced_animations=\u00a0\u00bbno\u00a0\u00bb item_padding_600_768=\u00a0\u00bb0 0 64px 0&Prime; item_padding_480_600=\u00a0\u00bb0 0 64px 0&Prime; item_padding_480=\u00a0\u00bb0 0 64px 0&Prime;]<div class=\"custom_font_holder\" style=\" font-size: 15px; line-height: 26px; font-style: normal; font-weight: 300; text-decoration: none; margin: 10; text-align: left;\"><\/p>\n<h2>Napco Global<\/h2>\n<p><\/div>[vc_column_text css=\u00a0\u00bb.vc_custom_1535111459178{margin-top: 20px !important;}\u00a0\u00bb]Chez NAPCO GLOBAL, nous concevons et distribuons des \u00e9quipements et accessoires\u00a0innovants\u00a0sp\u00e9cialis\u00e9s dans le bodyboard. Nous sommes au service de plus de 200 clients \u00e0 travers l\u2019Europe et le monde, et ce depuis 19 ans. Notre exp\u00e9rience et notre r\u00e9seau permettent une exposition optimale de nos marques distribu\u00e9es.<\/p>\n<p>Propri\u00e9taires de la marque Pride bodyboards,\u00a0nous avons \u00e0 c\u0153ur de d\u00e9velopper de nouvelles innovations au travers de notre service R&amp;D situ\u00e9 en France.[\/vc_column_text][\/qode_elements_holder_item][qode_elements_holder_item vertical_alignment=\u00a0\u00bbtop\u00a0\u00bb advanced_animations=\u00a0\u00bbno\u00a0\u00bb][vc_raw_html]JTNDc3ZnJTIwdmVyc2lvbiUzRCUyMjEuMSUyMiUyMGlkJTNEJTIybG9nby1uYXBjbyUyMiUyMHhtbG5zJTNEJTIyaHR0cCUzQSUyRiUyRnd3dy53My5vcmclMkYyMDAwJTJGc3ZnJTIyJTIweG1sbnMlM0F4bGluayUzRCUyMmh0dHAlM0ElMkYlMkZ3d3cudzMub3JnJTJGMTk5OSUyRnhsaW5rJTIyJTIweCUzRCUyMjBweCUyMiUyMHklM0QlMjIwcHglMjIlMjB2aWV3Qm94JTNEJTIyMCUyMDAlMjA4NDEuOSUyMDU5NS4zJTIyJTIwZW5hYmxlLWJhY2tncm91bmQlM0QlMjJuZXclMjAwJTIwMCUyMDg0MS45JTIwNTk1LjMlMjIlMjB4bWwlM0FzcGFjZSUzRCUyMnByZXNlcnZlJTIyJTNFJTBBJTBBJTBBJTA5JTNDcGF0aCUyMGQlM0QlMjJNMjYyLjElMkMzMzIuNUwyMjklMkMyODUuMmMtMS4xLTEuNS0yLjMtNC4xLTIuMy00LjF2NTEuNGgtMTcuNHYtNjkuN2gyMi44bDMzLjIlMkM0Ny4zYzEuMSUyQzEuNSUyQzIuMyUyQzQuMSUyQzIuMyUyQzQuMXYtNTEuNGgxNy40JTBBJTA5JTA5djY5LjdIMjYyLjF6JTIyJTJGJTNFJTBBJTBBJTA5JTNDcGF0aCUyMGQlM0QlMjJNMzM0LjIlMkMyODAuOWwtMjMuNyUyQzUxLjZoLTE5LjZsMzQuMS02OS43aDE4LjRsMzQlMkM2OS43aC0xOS42TDMzNC4yJTJDMjgwLjl6JTIyJTJGJTNFJTBBJTBBJTA5JTNDcGF0aCUyMGQlM0QlMjJNNDI5LjQlMkMzMDguNmgtMjguN3YyMy45aC0xNy40di02OS43aDQ1LjhjMTMuNCUyQzAlMkMyNS42JTJDNy4zJTJDMjUuNiUyQzIyLjlDNDU0LjclMkMzMDAuMyUyQzQ0Mi4xJTJDMzA4LjYlMkM0MjkuNCUyQzMwOC42eiUyME00MjguNSUyQzI3Ny43JTBBJTA5JTA5aC0yNy44djE1LjloMjguMWM0LjYlMkMwJTJDOC41LTMuMSUyQzguNS04QzQzNy4zJTJDMjgwLjUlMkM0MzMuNSUyQzI3Ny43JTJDNDI4LjUlMkMyNzcuN3olMjIlMkYlM0UlMEElMEElMDklM0NwYXRoJTIwZCUzRCUyMk01OTEuNyUyQzMzNGMtMjMlMkMwLTQxLjgtMTEuNS00MS44LTM2LjRjMC0yNC44JTJDMTktMzYuMiUyQzQxLjgtMzYuMmMyMi45JTJDMCUyQzQyJTJDMTEuNCUyQzQyJTJDMzYuMkM2MzMuNyUyQzMyMi41JTJDNjE0LjclMkMzMzQlMkM1OTEuNyUyQzMzNHolMEElMDklMDklMjBNNTkxLjclMkMyNzYuNGMtMTMuOSUyQzAtMjQuMiUyQzYuMS0yNC4yJTJDMjEuMWMwJTJDMTUlMkMxMC4zJTJDMjEuMyUyQzI0LjIlMkMyMS4zYzEzLjklMkMwJTJDMjQuMy02LjMlMkMyNC4zLTIxLjNDNjE2JTJDMjgyLjUlMkM2MDUuNiUyQzI3Ni40JTJDNTkxLjclMkMyNzYuNHolMEElMDklMDklMjIlMkYlM0UlMEElMEElMDklM0NwYXRoJTIwZCUzRCUyMk01MjQuMSUyQzMwNy41Yy0zLjYlMkM3LjktMTIlMkMxMS40LTIyLjMlMkMxMS40Yy0xMy45JTJDMC0yNC4yLTYuMy0yNC4yLTIxLjNjMC0xNSUyQzEwLjMtMjEuMSUyQzI0LjItMjEuMWMxMC4zJTJDMCUyQzE4LjYlMkMzLjMlMkMyMi4zJTJDMTEuMiUwQSUwOSUwOWgxOC41Yy00LjQtMTgtMjEuMy0yNi4zLTQwLjktMjYuM2MtMjIuOCUyQzAtNDEuOCUyQzExLjQtNDEuOCUyQzM2LjJjMCUyQzI0LjklMkMxOC44JTJDMzYuNCUyQzQxLjglMkMzNi40YzE5LjclMkMwJTJDMzYuNS04LjQlMkM0MC45LTI2LjVINTI0LjF6JTIyJTJGJTNFJTBBJTBBJTNDJTJGc3ZnJTNF[\/vc_raw_html][\/qode_elements_holder_item][\/qode_elements_holder][\/vc_column][\/vc_row][vc_row css_animation=\u00a0\u00bb\u00a0\u00bb row_type=\u00a0\u00bbrow\u00a0\u00bb use_row_as_full_screen_section=\u00a0\u00bbno\u00a0\u00bb type=\u00a0\u00bbgrid\u00a0\u00bb angled_section=\u00a0\u00bbno\u00a0\u00bb text_align=\u00a0\u00bbleft\u00a0\u00bb background_image_as_pattern=\u00a0\u00bbwithout_pattern\u00a0\u00bb][vc_column][vc_column_text]Nous avons pour mission d\u2019accompagner le d\u00e9veloppement des marques distribu\u00e9es en contribuant tous les ans aux\u00a0sponsorings\u00a0d\u2019athl\u00e8tes ou de comp\u00e9titions \u00e0 travers le monde.\u00a0Nous portons \u00e9galement une attention particuli\u00e8re \u00e0 l\u2019ad\u00e9quation entre\u00a0ses marques\u00a0et le besoin du client final. Aujourd\u2019hui, la gamme propos\u00e9e par NAPCO GLOBAL couvre l\u2019ensemble des besoins du pratiquant en bodyboard, d\u2019un niveau d\u00e9butant \u00e0 expert, quel que soit son budget.\u00a0\u00a0Fort de notre exp\u00e9rience,\u00a0nous accompagnons nos clients tout au long du processus de vente, de la conception de la gamme jusqu\u2019\u00e0 la livraison ainsi que la mise en place.<\/p>\n<p>Notre \u00e9quipe de passionn\u00e9s vous accompagnera dans le processus de s\u00e9lection et vous permettra de trouver la meilleure offre d\u00e9di\u00e9e \u00e0 votre client\u00e8le.[\/vc_column_text][vc_empty_space height=\u00a0\u00bb50px\u00a0\u00bb][\/vc_column][\/vc_row][vc_row css_animation=\u00a0\u00bb\u00a0\u00bb row_type=\u00a0\u00bbrow\u00a0\u00bb use_row_as_full_screen_section=\u00a0\u00bbno\u00a0\u00bb type=\u00a0\u00bbfull_width\u00a0\u00bb angled_section=\u00a0\u00bbno\u00a0\u00bb text_align=\u00a0\u00bbleft\u00a0\u00bb background_image_as_pattern=\u00a0\u00bbwithout_pattern\u00a0\u00bb][vc_column parallax=\u00a0\u00bbcontent-moving\u00a0\u00bb parallax_image=\u00a0\u00bb473&Prime; parallax_speed_bg=\u00a0\u00bb2&Prime;][vc_empty_space height=\u00a0\u00bb400px\u00a0\u00bb][\/vc_column][\/vc_row]<\/p>\n","protected":false},"excerpt":{"rendered":"<p>[vc_row css_animation=\u00a0\u00bb\u00a0\u00bb row_type=\u00a0\u00bbrow\u00a0\u00bb use_row_as_full_screen_section=\u00a0\u00bbno\u00a0\u00bb type=\u00a0\u00bbgrid\u00a0\u00bb angled_section=\u00a0\u00bbno\u00a0\u00bb text_align=\u00a0\u00bbleft\u00a0\u00bb background_image_as_pattern=\u00a0\u00bbwithout_pattern\u00a0\u00bb el_id=\u00a0\u00bblogo-animation-trigger\u00a0\u00bb][vc_column][qode_elements_holder number_of_columns=\u00a0\u00bbtwo_columns\u00a0\u00bb alignment_one_column=\u00a0\u00bbleft\u00a0\u00bb][qode_elements_holder_item vertical_alignment=\u00a0\u00bbmiddle\u00a0\u00bb advanced_animations=\u00a0\u00bbno\u00a0\u00bb item_padding_600_768=\u00a0\u00bb0 0 64px 0&Prime; item_padding_480_600=\u00a0\u00bb0 0 64px 0&Prime; item_padding_480=\u00a0\u00bb0 0 64px 0&Prime;][vc_column_text css=\u00a0\u00bb.vc_custom_1535111459178{margin-top: 20px !important;}\u00a0\u00bb]Chez NAPCO GLOBAL, nous concevons et distribuons des \u00e9quipements et accessoires\u00a0innovants\u00a0sp\u00e9cialis\u00e9s dans le bodyboard. Nous sommes au service&#8230;<\/p>\n","protected":false},"author":1,"featured_media":0,"parent":0,"menu_order":5,"comment_status":"closed","ping_status":"closed","template":"full_width.php","meta":{"footnotes":""},"class_list":["post-183","page","type-page","status-publish","hentry"],"_links":{"self":[{"href":"https:\/\/www.napcoglobal.com\/fr\/wp-json\/wp\/v2\/pages\/183","targetHints":{"allow":["GET"]}}],"collection":[{"href":"https:\/\/www.napcoglobal.com\/fr\/wp-json\/wp\/v2\/pages"}],"about":[{"href":"https:\/\/www.napcoglobal.com\/fr\/wp-json\/wp\/v2\/types\/page"}],"author":[{"embeddable":true,"href":"https:\/\/www.napcoglobal.com\/fr\/wp-json\/wp\/v2\/users\/1"}],"replies":[{"embeddable":true,"href":"https:\/\/www.napcoglobal.com\/fr\/wp-json\/wp\/v2\/comments?post=183"}],"version-history":[{"count":26,"href":"https:\/\/www.napcoglobal.com\/fr\/wp-json\/wp\/v2\/pages\/183\/revisions"}],"predecessor-version":[{"id":739,"href":"https:\/\/www.napcoglobal.com\/fr\/wp-json\/wp\/v2\/pages\/183\/revisions\/739"}],"wp:attachment":[{"href":"https:\/\/www.napcoglobal.com\/fr\/wp-json\/wp\/v2\/media?parent=183"}],"curies":[{"name":"wp","href":"https:\/\/api.w.org\/{rel}","templated":true}]}}