{"id":8,"date":"2016-06-23T14:04:35","date_gmt":"2016-06-23T14:04:35","guid":{"rendered":"http:\/\/bridge56.qodeinteractive.com\/?page_id=8"},"modified":"2019-02-15T09:08:36","modified_gmt":"2019-02-15T08:08:36","slug":"home","status":"publish","type":"page","link":"https:\/\/www.napcoglobal.com\/fr\/","title":{"rendered":"Home"},"content":{"rendered":"<p>[vc_row css_animation=\u00a0\u00bb\u00a0\u00bb row_type=\u00a0\u00bbrow\u00a0\u00bb use_row_as_full_screen_section=\u00a0\u00bbno\u00a0\u00bb type=\u00a0\u00bbgrid\u00a0\u00bb anchor=\u00a0\u00bbservices\u00a0\u00bb angled_section=\u00a0\u00bbno\u00a0\u00bb text_align=\u00a0\u00bbcenter\u00a0\u00bb background_image_as_pattern=\u00a0\u00bbwithout_pattern\u00a0\u00bb css=\u00a0\u00bb.vc_custom_1467879833192{padding-top: 142px !important;padding-bottom: 88px !important;}\u00a0\u00bb][vc_column offset=\u00a0\u00bbvc_col-lg-offset-2 vc_col-lg-8 vc_col-md-offset-1 vc_col-md-10&Prime; css=\u00a0\u00bb.vc_custom_1466691550042{padding-right: 8% !important;padding-left: 8% !important;}\u00a0\u00bb][vc_column_text]<\/p>\n<h1>Napco Global, nous sommes distributeur d\u2019articles de sports de glisse<\/h1>\n<p>[\/vc_column_text][vc_empty_space height=\u00a0\u00bb13px\u00a0\u00bb][vc_column_text]<\/p>\n<p class=\"r\">Distributeur mais aussi fabricant d&rsquo;articles de sports de glisse, Napco Global s&rsquo;est positionn\u00e9 comme l&rsquo;acteur incontournable du bodyboard.<\/p>\n<p>[\/vc_column_text][vc_empty_space height=\u00a0\u00bb13px\u00a0\u00bb][vc_separator type=\u00a0\u00bbsmall\u00a0\u00bb position=\u00a0\u00bbcenter\u00a0\u00bb color=\u00a0\u00bb#0a0a0a\u00a0\u00bb][\/vc_column][\/vc_row][vc_row css_animation=\u00a0\u00bb\u00a0\u00bb row_type=\u00a0\u00bbrow\u00a0\u00bb use_row_as_full_screen_section=\u00a0\u00bbno\u00a0\u00bb type=\u00a0\u00bbgrid\u00a0\u00bb angled_section=\u00a0\u00bbno\u00a0\u00bb text_align=\u00a0\u00bbcenter\u00a0\u00bb background_image_as_pattern=\u00a0\u00bbwithout_pattern\u00a0\u00bb css=\u00a0\u00bb.vc_custom_1466694434480{padding-bottom: 97px !important;}\u00a0\u00bb][vc_column css=\u00a0\u00bb.vc_custom_1466692483154{padding-right: 11% !important;padding-left: 11% !important;}\u00a0\u00bb offset=\u00a0\u00bbvc_col-lg-4 vc_col-md-4&Prime;]<div class='image_hover ' style='' data-transition-delay=''><div class='images_holder'><img itemprop='image' class='active_image ' src='https:\/\/www.napcoglobal.com\/wp-content\/uploads\/2018\/08\/distributeur-fabricant-bodyboard2.png' alt='' style='' \/><img itemprop='image' class='hover_image' src='https:\/\/www.napcoglobal.com\/wp-content\/uploads\/2018\/08\/distributeur-fabricant-bodyboard.png' alt='' style='' \/><\/div><\/div>[vc_empty_space height=\u00a0\u00bb16px\u00a0\u00bb][vc_column_text]<\/p>\n<h2>Passion\u00a0Expertise<\/h2>\n<h2>Innovation<\/h2>\n<p>[\/vc_column_text][vc_empty_space height=\u00a0\u00bb3px\u00a0\u00bb][vc_column_text]Distributeur et concepteur d\u2019\u00e9quipement et accessoires de bodyboards C&rsquo;est avec passion et expertise que nous innovons pour cette discipline.[\/vc_column_text][vc_empty_space height=\u00a0\u00bb45px\u00a0\u00bb][\/vc_column][vc_column css=\u00a0\u00bb.vc_custom_1466692491195{padding-right: 11% !important;padding-left: 11% !important;}\u00a0\u00bb offset=\u00a0\u00bbvc_col-lg-4 vc_col-md-4&Prime;]<div class='image_hover ' style='' data-transition-delay=''><div class='images_holder'><img itemprop='image' class='active_image ' src='https:\/\/www.napcoglobal.com\/wp-content\/uploads\/2018\/08\/b2b-sport-de-glisse.png' alt='' style='' \/><img itemprop='image' class='hover_image' src='https:\/\/www.napcoglobal.com\/wp-content\/uploads\/2018\/08\/b2b-bodyboard.png' alt='' style='' \/><\/div><\/div>[vc_empty_space height=\u00a0\u00bb16px\u00a0\u00bb][vc_column_text]<\/p>\n<h2>Un service B2B<br \/>\nde qualit\u00e9<\/h2>\n<p>[\/vc_column_text][vc_empty_space height=\u00a0\u00bb3px\u00a0\u00bb][vc_column_text]Nous sommes fiers et heureux de travailler avec nos clients et partenaires B2B. C&rsquo;est avec un service irr\u00e9prochable que nous les remercions.[\/vc_column_text][vc_empty_space height=\u00a0\u00bb45px\u00a0\u00bb][\/vc_column][vc_column css=\u00a0\u00bb.vc_custom_1466692498411{padding-right: 11% !important;padding-left: 11% !important;}\u00a0\u00bb offset=\u00a0\u00bbvc_col-lg-4 vc_col-md-4&Prime;]<div class='image_hover ' style='' data-transition-delay=''><div class='images_holder'><img itemprop='image' class='active_image ' src='https:\/\/www.napcoglobal.com\/wp-content\/uploads\/2018\/08\/logistique-bodyboard.png' alt='' style='' \/><img itemprop='image' class='hover_image' src='https:\/\/www.napcoglobal.com\/wp-content\/uploads\/2018\/08\/logistique-sport-de-glisse.png' alt='' style='' \/><\/div><\/div>[vc_empty_space height=\u00a0\u00bb16px\u00a0\u00bb][vc_column_text]<\/p>\n<h2>Une logistique<br \/>\nefficace et rapide<\/h2>\n<p>[\/vc_column_text][vc_empty_space height=\u00a0\u00bb3px\u00a0\u00bb][vc_column_text]Notre service de logistique est l&rsquo;une de nos priorit\u00e9s. Nous maitrisons les\u00a0processus logistiques et nous vous offrons un service de haute qualit\u00e9.[\/vc_column_text][vc_empty_space height=\u00a0\u00bb45px\u00a0\u00bb][\/vc_column][\/vc_row][vc_row css_animation=\u00a0\u00bb\u00a0\u00bb row_type=\u00a0\u00bbrow\u00a0\u00bb use_row_as_full_screen_section=\u00a0\u00bbno\u00a0\u00bb type=\u00a0\u00bbfull_width\u00a0\u00bb angled_section=\u00a0\u00bbno\u00a0\u00bb text_align=\u00a0\u00bbcenter\u00a0\u00bb background_image_as_pattern=\u00a0\u00bbwithout_pattern\u00a0\u00bb][vc_column][qode_elements_holder number_of_columns=\u00a0\u00bbthree_columns\u00a0\u00bb][qode_elements_holder_item background_image=\u00a0\u00bb287&Prime; advanced_animations=\u00a0\u00bbno\u00a0\u00bb item_padding_600_768=\u00a0\u00bb30%\u00a0\u00bb item_padding_480_600=\u00a0\u00bb35%\u00a0\u00bb item_padding_480=\u00a0\u00bb37%\u00a0\u00bb][\/qode_elements_holder_item][qode_elements_holder_item background_image=\u00a0\u00bb247&Prime; item_padding=\u00a0\u00bb22% 20%\u00a0\u00bb advanced_animations=\u00a0\u00bbno\u00a0\u00bb item_padding_1024_1280=\u00a0\u00bb17% 15%\u00a0\u00bb item_padding_600_768=\u00a0\u00bb19% 25%\u00a0\u00bb item_padding_480_600=\u00a0\u00bb17% 16%\u00a0\u00bb item_padding_480=\u00a0\u00bb16% 8%\u00a0\u00bb][vc_column_text]<\/p>\n<h2>BodyBoards<\/h2>\n<p>[\/vc_column_text][vc_column_text]Napco Global distribue une large gamme de planches de bodyboard. Composition et shape, mais aussi choix de la taille ! D\u00e9couvrez d\u00e8s maintenant notre selection.[\/vc_column_text][vc_empty_space height=\u00a0\u00bb12px\u00a0\u00bb][vc_empty_space height=\u00a0\u00bb14px\u00a0\u00bb][vc_column_text]<\/p>\n<h6><a href=\"\/fr\/marques\/?filter=bodyboards_fr\">Nos Boards<\/a><\/h6>\n<p>[\/vc_column_text][\/qode_elements_holder_item][qode_elements_holder_item background_image=\u00a0\u00bb291&Prime; advanced_animations=\u00a0\u00bbno\u00a0\u00bb item_padding_600_768=\u00a0\u00bb30%\u00a0\u00bb item_padding_480_600=\u00a0\u00bb35%\u00a0\u00bb item_padding_480=\u00a0\u00bb37%\u00a0\u00bb][\/qode_elements_holder_item][\/qode_elements_holder][\/vc_column][\/vc_row][vc_row css_animation=\u00a0\u00bb\u00a0\u00bb row_type=\u00a0\u00bbrow\u00a0\u00bb use_row_as_full_screen_section=\u00a0\u00bbno\u00a0\u00bb type=\u00a0\u00bbfull_width\u00a0\u00bb angled_section=\u00a0\u00bbno\u00a0\u00bb text_align=\u00a0\u00bbcenter\u00a0\u00bb background_image_as_pattern=\u00a0\u00bbwithout_pattern\u00a0\u00bb][vc_column][qode_elements_holder number_of_columns=\u00a0\u00bbthree_columns\u00a0\u00bb][qode_elements_holder_item background_image=\u00a0\u00bb243&Prime; item_padding=\u00a0\u00bb22% 20%\u00a0\u00bb advanced_animations=\u00a0\u00bbno\u00a0\u00bb item_padding_1024_1280=\u00a0\u00bb17% 15%\u00a0\u00bb item_padding_600_768=\u00a0\u00bb19% 25%\u00a0\u00bb item_padding_480_600=\u00a0\u00bb17% 16%\u00a0\u00bb item_padding_480=\u00a0\u00bb16% 8%\u00a0\u00bb][vc_column_text]<\/p>\n<h2>Fins<\/h2>\n<p>[\/vc_column_text][vc_empty_space height=\u00a0\u00bb12px\u00a0\u00bb][vc_column_text]Indispensable dans la plupart des conditions, les palmes de bodyboard sont l&rsquo;accessoire \u00e0 ne pas n\u00e9gliger. Napco Global vous propose un large choix de palmes.[\/vc_column_text][vc_empty_space height=\u00a0\u00bb14px\u00a0\u00bb][vc_column_text]<\/p>\n<h6><a href=\"\/fr\/marques\/?filter=fins_fr\">Nos Palmes<\/a><\/h6>\n<p>[\/vc_column_text][\/qode_elements_holder_item][qode_elements_holder_item background_image=\u00a0\u00bb290&Prime; advanced_animations=\u00a0\u00bbno\u00a0\u00bb item_padding_600_768=\u00a0\u00bb30%\u00a0\u00bb item_padding_480_600=\u00a0\u00bb35%\u00a0\u00bb item_padding_480=\u00a0\u00bb37%\u00a0\u00bb][\/qode_elements_holder_item][qode_elements_holder_item background_image=\u00a0\u00bb245&Prime; item_padding=\u00a0\u00bb22% 20%\u00a0\u00bb advanced_animations=\u00a0\u00bbno\u00a0\u00bb item_padding_1024_1280=\u00a0\u00bb17% 15%\u00a0\u00bb item_padding_600_768=\u00a0\u00bb19% 25%\u00a0\u00bb item_padding_480_600=\u00a0\u00bb17% 16%\u00a0\u00bb item_padding_480=\u00a0\u00bb16% 8%\u00a0\u00bb][vc_column_text]<\/p>\n<h2>Wetsuits<\/h2>\n<p>[\/vc_column_text][vc_empty_space height=\u00a0\u00bb12px\u00a0\u00bb][vc_column_text]D\u00e9couvrez notre gamme de combinaisons de bodyboard. Confortables et r\u00e9sistantes, elles sauront satisfaire tous les bodyboarders.[\/vc_column_text][vc_empty_space height=\u00a0\u00bb14px\u00a0\u00bb][vc_column_text]<\/p>\n<h6><a href=\"\/fr\/marques\/?filter=wetsuits_fr\">Nos Combinaisons<\/a><\/h6>\n<p>[\/vc_column_text][\/qode_elements_holder_item][\/qode_elements_holder][\/vc_column][\/vc_row][vc_row css_animation=\u00a0\u00bb\u00a0\u00bb row_type=\u00a0\u00bbrow\u00a0\u00bb use_row_as_full_screen_section=\u00a0\u00bbno\u00a0\u00bb type=\u00a0\u00bbgrid\u00a0\u00bb angled_section=\u00a0\u00bbno\u00a0\u00bb text_align=\u00a0\u00bbleft\u00a0\u00bb background_image_as_pattern=\u00a0\u00bbwithout_pattern\u00a0\u00bb css=\u00a0\u00bb.vc_custom_1519811247193{padding-top: 150px !important;padding-bottom: 150px !important;}\u00a0\u00bb el_id=\u00a0\u00bblogo-animation-trigger\u00a0\u00bb][vc_column][qode_elements_holder number_of_columns=\u00a0\u00bbtwo_columns\u00a0\u00bb alignment_one_column=\u00a0\u00bbleft\u00a0\u00bb][qode_elements_holder_item vertical_alignment=\u00a0\u00bbmiddle\u00a0\u00bb advanced_animations=\u00a0\u00bbno\u00a0\u00bb item_padding_600_768=\u00a0\u00bb0 0 64px 0&Prime; item_padding_480_600=\u00a0\u00bb0 0 64px 0&Prime; item_padding_480=\u00a0\u00bb0 0 64px 0&Prime;][vc_column_text]<\/p>\n<h2>Nous avons la m\u00eame passion !<\/h2>\n<p>[\/vc_column_text][vc_empty_space height=\u00a0\u00bb11px\u00a0\u00bb][vc_column_text]Nous aimons ce que nous faisons. Nous concevons et distribuons des produits et accessoires d\u00fbment test\u00e9 afin de vous apporter vos meilleurs sensations. C&rsquo;est avec enthousiasme que nous mettons \u00e0 votre service notre savoir faire.[\/vc_column_text][vc_empty_space height=\u00a0\u00bb14px\u00a0\u00bb][vc_column_text]<\/p>\n<h6><a href=\"\/fr\/a-propos\/\">En savoir plus<\/a><\/h6>\n<p>[\/vc_column_text][vc_empty_space height=\u00a0\u00bb9px\u00a0\u00bb][\/qode_elements_holder_item][qode_elements_holder_item vertical_alignment=\u00a0\u00bbtop\u00a0\u00bb advanced_animations=\u00a0\u00bbno\u00a0\u00bb][vc_raw_html]JTNDc3ZnJTIwdmVyc2lvbiUzRCUyMjEuMSUyMiUyMGlkJTNEJTIybG9nby1uYXBjbyUyMiUyMHhtbG5zJTNEJTIyaHR0cCUzQSUyRiUyRnd3dy53My5vcmclMkYyMDAwJTJGc3ZnJTIyJTIweG1sbnMlM0F4bGluayUzRCUyMmh0dHAlM0ElMkYlMkZ3d3cudzMub3JnJTJGMTk5OSUyRnhsaW5rJTIyJTIweCUzRCUyMjBweCUyMiUyMHklM0QlMjIwcHglMjIlMjB2aWV3Qm94JTNEJTIyMCUyMDAlMjA4NDEuOSUyMDU5NS4zJTIyJTIwZW5hYmxlLWJhY2tncm91bmQlM0QlMjJuZXclMjAwJTIwMCUyMDg0MS45JTIwNTk1LjMlMjIlMjB4bWwlM0FzcGFjZSUzRCUyMnByZXNlcnZlJTIyJTNFJTBBJTBBJTBBJTA5JTNDcGF0aCUyMGQlM0QlMjJNMjYyLjElMkMzMzIuNUwyMjklMkMyODUuMmMtMS4xLTEuNS0yLjMtNC4xLTIuMy00LjF2NTEuNGgtMTcuNHYtNjkuN2gyMi44bDMzLjIlMkM0Ny4zYzEuMSUyQzEuNSUyQzIuMyUyQzQuMSUyQzIuMyUyQzQuMXYtNTEuNGgxNy40JTBBJTA5JTA5djY5LjdIMjYyLjF6JTIyJTJGJTNFJTBBJTBBJTA5JTNDcGF0aCUyMGQlM0QlMjJNMzM0LjIlMkMyODAuOWwtMjMuNyUyQzUxLjZoLTE5LjZsMzQuMS02OS43aDE4LjRsMzQlMkM2OS43aC0xOS42TDMzNC4yJTJDMjgwLjl6JTIyJTJGJTNFJTBBJTBBJTA5JTNDcGF0aCUyMGQlM0QlMjJNNDI5LjQlMkMzMDguNmgtMjguN3YyMy45aC0xNy40di02OS43aDQ1LjhjMTMuNCUyQzAlMkMyNS42JTJDNy4zJTJDMjUuNiUyQzIyLjlDNDU0LjclMkMzMDAuMyUyQzQ0Mi4xJTJDMzA4LjYlMkM0MjkuNCUyQzMwOC42eiUyME00MjguNSUyQzI3Ny43JTBBJTA5JTA5aC0yNy44djE1LjloMjguMWM0LjYlMkMwJTJDOC41LTMuMSUyQzguNS04QzQzNy4zJTJDMjgwLjUlMkM0MzMuNSUyQzI3Ny43JTJDNDI4LjUlMkMyNzcuN3olMjIlMkYlM0UlMEElMEElMDklM0NwYXRoJTIwZCUzRCUyMk01OTEuNyUyQzMzNGMtMjMlMkMwLTQxLjgtMTEuNS00MS44LTM2LjRjMC0yNC44JTJDMTktMzYuMiUyQzQxLjgtMzYuMmMyMi45JTJDMCUyQzQyJTJDMTEuNCUyQzQyJTJDMzYuMkM2MzMuNyUyQzMyMi41JTJDNjE0LjclMkMzMzQlMkM1OTEuNyUyQzMzNHolMEElMDklMDklMjBNNTkxLjclMkMyNzYuNGMtMTMuOSUyQzAtMjQuMiUyQzYuMS0yNC4yJTJDMjEuMWMwJTJDMTUlMkMxMC4zJTJDMjEuMyUyQzI0LjIlMkMyMS4zYzEzLjklMkMwJTJDMjQuMy02LjMlMkMyNC4zLTIxLjNDNjE2JTJDMjgyLjUlMkM2MDUuNiUyQzI3Ni40JTJDNTkxLjclMkMyNzYuNHolMEElMDklMDklMjIlMkYlM0UlMEElMEElMDklM0NwYXRoJTIwZCUzRCUyMk01MjQuMSUyQzMwNy41Yy0zLjYlMkM3LjktMTIlMkMxMS40LTIyLjMlMkMxMS40Yy0xMy45JTJDMC0yNC4yLTYuMy0yNC4yLTIxLjNjMC0xNSUyQzEwLjMtMjEuMSUyQzI0LjItMjEuMWMxMC4zJTJDMCUyQzE4LjYlMkMzLjMlMkMyMi4zJTJDMTEuMiUwQSUwOSUwOWgxOC41Yy00LjQtMTgtMjEuMy0yNi4zLTQwLjktMjYuM2MtMjIuOCUyQzAtNDEuOCUyQzExLjQtNDEuOCUyQzM2LjJjMCUyQzI0LjklMkMxOC44JTJDMzYuNCUyQzQxLjglMkMzNi40YzE5LjclMkMwJTJDMzYuNS04LjQlMkM0MC45LTI2LjVINTI0LjF6JTIyJTJGJTNFJTBBJTBBJTNDJTJGc3ZnJTNF[\/vc_raw_html][\/qode_elements_holder_item][\/qode_elements_holder][\/vc_column][\/vc_row][vc_row row_type=\u00a0\u00bbparallax\u00a0\u00bb parallax_content_width=\u00a0\u00bbfull_width\u00a0\u00bb text_align=\u00a0\u00bbleft\u00a0\u00bb background_image=\u00a0\u00bb352&Prime; full_screen_section_height=\u00a0\u00bbno\u00a0\u00bb][vc_column][vc_empty_space height=\u00a0\u00bb200px\u00a0\u00bb][vc_empty_space height=\u00a0\u00bb200px\u00a0\u00bb][\/vc_column][\/vc_row][vc_row css_animation=\u00a0\u00bb\u00a0\u00bb row_type=\u00a0\u00bbrow\u00a0\u00bb use_row_as_full_screen_section=\u00a0\u00bbno\u00a0\u00bb type=\u00a0\u00bbgrid\u00a0\u00bb angled_section=\u00a0\u00bbno\u00a0\u00bb text_align=\u00a0\u00bbcenter\u00a0\u00bb background_image_as_pattern=\u00a0\u00bbwithout_pattern\u00a0\u00bb css=\u00a0\u00bb.vc_custom_1466692598392{padding-top: 142px !important;padding-bottom: 88px !important;}\u00a0\u00bb][vc_column offset=\u00a0\u00bbvc_col-lg-offset-2 vc_col-lg-8 vc_col-md-offset-1 vc_col-md-10&Prime; css=\u00a0\u00bb.vc_custom_1466691550042{padding-right: 8% !important;padding-left: 8% !important;}\u00a0\u00bb][vc_column_text]<\/p>\n<h2>Nos marques<\/h2>\n<p>[\/vc_column_text][vc_empty_space height=\u00a0\u00bb13px\u00a0\u00bb][vc_column_text]<\/p>\n<h4>Nos marques ne sont pas s\u00e9lectionn\u00e9es au hasard. Nous accordons une attention particuli\u00e8re dans le choix de chacune d&rsquo;elle.<\/h4>\n<p>[\/vc_column_text][\/vc_column][\/vc_row][vc_row css_animation=\u00a0\u00bb\u00a0\u00bb row_type=\u00a0\u00bbrow\u00a0\u00bb use_row_as_full_screen_section=\u00a0\u00bbno\u00a0\u00bb type=\u00a0\u00bbgrid\u00a0\u00bb angled_section=\u00a0\u00bbno\u00a0\u00bb text_align=\u00a0\u00bbleft\u00a0\u00bb background_image_as_pattern=\u00a0\u00bbwithout_pattern\u00a0\u00bb css=\u00a0\u00bb.vc_custom_1466763536818{padding-bottom: 146px !important;}\u00a0\u00bb][vc_column]<div class='qode_carousels_holder clearfix'><div class='qode_carousels' data-number-of-visible-items='5'><ul class='slides'><li class='item'><div class=\"carousel_item_holder\"><a itemprop='url' href='\/fr\/marques\/softlite\/' target='_self'><span class='first_image_holder has_hover_image'><img decoding=\"async\" itemprop=\"image\" src=\"https:\/\/www.napcoglobal.com\/wp-content\/uploads\/2018\/09\/softlite-softboards.png\" alt=\"carousel image\" \/><\/span><span class='second_image_holder has_hover_image'><img decoding=\"async\" itemprop=\"image\" src=\"https:\/\/www.napcoglobal.com\/wp-content\/uploads\/2018\/09\/softlite-softboards-gold.png\" alt=\"carousel image\" \/><\/span><\/a><\/div><\/li><li class='item'><div class=\"carousel_item_holder\"><a itemprop='url' href='\/fr\/marques\/pride-bodyboards\/' target='_self'><span class='first_image_holder has_hover_image'><img decoding=\"async\" itemprop=\"image\" src=\"https:\/\/www.napcoglobal.com\/wp-content\/uploads\/2017\/10\/pride-bodyboards.png\" alt=\"carousel image\" \/><\/span><span class='second_image_holder has_hover_image'><img decoding=\"async\" itemprop=\"image\" src=\"https:\/\/www.napcoglobal.com\/wp-content\/uploads\/2017\/10\/pride-bodyboards-gold.png\" alt=\"carousel image\" \/><\/span><\/a><\/div><\/li><li class='item'><div class=\"carousel_item_holder\"><a itemprop='url' href='\/fr\/marques\/orca\/' target='_self'><span class='first_image_holder has_hover_image'><img decoding=\"async\" itemprop=\"image\" src=\"https:\/\/www.napcoglobal.com\/wp-content\/uploads\/2017\/10\/orca-fins-bodyboards.png\" alt=\"carousel image\" \/><\/span><span class='second_image_holder has_hover_image'><img decoding=\"async\" itemprop=\"image\" src=\"https:\/\/www.napcoglobal.com\/wp-content\/uploads\/2017\/10\/orca-fins-bodyboards-gold.png\" alt=\"carousel image\" \/><\/span><\/a><\/div><\/li><li class='item'><div class=\"carousel_item_holder\"><a itemprop='url' href='\/fr\/marques\/stealth-swim-fins\/' target='_self'><span class='first_image_holder has_hover_image'><img decoding=\"async\" itemprop=\"image\" src=\"https:\/\/www.napcoglobal.com\/wp-content\/uploads\/2017\/10\/stealth-bodyboards-fins.png\" alt=\"carousel image\" \/><\/span><span class='second_image_holder has_hover_image'><img decoding=\"async\" itemprop=\"image\" src=\"https:\/\/www.napcoglobal.com\/wp-content\/uploads\/2017\/10\/stealth-bodyboards-fins-gold.png\" alt=\"carousel image\" \/><\/span><\/a><\/div><\/li><li class='item'><div class=\"carousel_item_holder\"><a itemprop='url' href='\/fr\/marques\/vulcan\/' target='_self'><span class='first_image_holder has_hover_image'><img decoding=\"async\" itemprop=\"image\" src=\"https:\/\/www.napcoglobal.com\/wp-content\/uploads\/2017\/10\/vulcan-bodyboards-fins.png\" alt=\"carousel image\" \/><\/span><span class='second_image_holder has_hover_image'><img decoding=\"async\" itemprop=\"image\" src=\"https:\/\/www.napcoglobal.com\/wp-content\/uploads\/2017\/10\/vulcan-bodyboards-fins-gold.png\" alt=\"carousel image\" \/><\/span><\/a><\/div><\/li><li class='item'><div class=\"carousel_item_holder\"><a itemprop='url' href='\/fr\/marques\/sand-cloud\/' target='_self'><span class='first_image_holder has_hover_image'><img decoding=\"async\" itemprop=\"image\" src=\"https:\/\/www.napcoglobal.com\/wp-content\/uploads\/2024\/10\/logo_sand_cloud_noir.png\" alt=\"carousel image\" \/><\/span><span class='second_image_holder has_hover_image'><img decoding=\"async\" itemprop=\"image\" src=\"https:\/\/www.napcoglobal.com\/wp-content\/uploads\/2024\/10\/logo_sand_cloud_marron.png\" alt=\"carousel image\" \/><\/span><\/a><\/div><\/li><li class='item'><div class=\"carousel_item_holder\"><a itemprop='url' href='\/fr\/marques\/boardcore\/' target='_self'><span class='first_image_holder has_hover_image'><img decoding=\"async\" itemprop=\"image\" src=\"https:\/\/www.napcoglobal.com\/wp-content\/uploads\/2017\/10\/boardcore-bodyboards.png\" alt=\"carousel image\" \/><\/span><span class='second_image_holder has_hover_image'><img decoding=\"async\" itemprop=\"image\" src=\"https:\/\/www.napcoglobal.com\/wp-content\/uploads\/2017\/10\/boardcore-bodyboards-gold.png\" alt=\"carousel image\" \/><\/span><\/a><\/div><\/li><li class='item'><div class=\"carousel_item_holder\"><a itemprop='url' href='\/fr\/marques\/mullet\/' target='_self'><span class='first_image_holder has_hover_image'><img decoding=\"async\" itemprop=\"image\" src=\"https:\/\/www.napcoglobal.com\/wp-content\/uploads\/2018\/09\/mullet-softboards.png\" alt=\"carousel image\" \/><\/span><span class='second_image_holder has_hover_image'><img decoding=\"async\" itemprop=\"image\" src=\"https:\/\/www.napcoglobal.com\/wp-content\/uploads\/2018\/09\/mullet-softboards-gold.png\" alt=\"carousel image\" \/><\/span><\/a><\/div><\/li><li class='item'><div class=\"carousel_item_holder\"><a itemprop='url' href='\/fr\/marques\/onda\/' target='_self'><span class='first_image_holder has_hover_image'><img decoding=\"async\" itemprop=\"image\" src=\"https:\/\/www.napcoglobal.com\/wp-content\/uploads\/2018\/09\/onda-wetsuits.png\" alt=\"carousel image\" \/><\/span><span class='second_image_holder has_hover_image'><img decoding=\"async\" itemprop=\"image\" src=\"https:\/\/www.napcoglobal.com\/wp-content\/uploads\/2018\/09\/onda-wetsuits-gold.png\" alt=\"carousel image\" \/><\/span><\/a><\/div><\/li><li class='item'><div class=\"carousel_item_holder\"><a itemprop='url' href='\/fr\/marques\/medina-softboards\/' target='_self'><span class='first_image_holder has_hover_image'><img decoding=\"async\" itemprop=\"image\" src=\"https:\/\/www.napcoglobal.com\/wp-content\/uploads\/2022\/04\/medina2.png\" alt=\"carousel image\" \/><\/span><span class='second_image_holder has_hover_image'><img decoding=\"async\" itemprop=\"image\" src=\"https:\/\/www.napcoglobal.com\/wp-content\/uploads\/2022\/04\/medina.png\" alt=\"carousel image\" \/><\/span><\/a><\/div><\/li><li class='item'><div class=\"carousel_item_holder\"><a itemprop='url' href='\/fr\/marques\/waw-handplanes' target='_self'><span class='first_image_holder has_hover_image'><img decoding=\"async\" itemprop=\"image\" src=\"https:\/\/www.napcoglobal.com\/wp-content\/uploads\/2022\/04\/waw.png\" alt=\"carousel image\" \/><\/span><span class='second_image_holder has_hover_image'><img decoding=\"async\" itemprop=\"image\" src=\"https:\/\/www.napcoglobal.com\/wp-content\/uploads\/2022\/04\/waw2.png\" alt=\"carousel image\" \/><\/span><\/a><\/div><\/li><li class='item'><div class=\"carousel_item_holder\"><a itemprop='url' href='\/fr\/marques\/qraft' target='_self'><span class='first_image_holder has_hover_image'><img decoding=\"async\" itemprop=\"image\" src=\"https:\/\/www.napcoglobal.com\/wp-content\/uploads\/2022\/04\/qraft2.png\" alt=\"carousel image\" \/><\/span><span class='second_image_holder has_hover_image'><img decoding=\"async\" itemprop=\"image\" src=\"https:\/\/www.napcoglobal.com\/wp-content\/uploads\/2022\/04\/qraft.png\" alt=\"carousel image\" \/><\/span><\/a><\/div><\/li><\/ul><\/div><\/div>[\/vc_column][\/vc_row]<\/p>\n","protected":false},"excerpt":{"rendered":"<p>[vc_row css_animation=\u00a0\u00bb\u00a0\u00bb row_type=\u00a0\u00bbrow\u00a0\u00bb use_row_as_full_screen_section=\u00a0\u00bbno\u00a0\u00bb type=\u00a0\u00bbgrid\u00a0\u00bb anchor=\u00a0\u00bbservices\u00a0\u00bb angled_section=\u00a0\u00bbno\u00a0\u00bb text_align=\u00a0\u00bbcenter\u00a0\u00bb background_image_as_pattern=\u00a0\u00bbwithout_pattern\u00a0\u00bb css=\u00a0\u00bb.vc_custom_1467879833192{padding-top: 142px !important;padding-bottom: 88px !important;}\u00a0\u00bb][vc_column offset=\u00a0\u00bbvc_col-lg-offset-2 vc_col-lg-8 vc_col-md-offset-1 vc_col-md-10&Prime; css=\u00a0\u00bb.vc_custom_1466691550042{padding-right: 8% !important;padding-left: 8% !important;}\u00a0\u00bb][vc_column_text] Napco Global, nous sommes distributeur d\u2019articles de sports de glisse [\/vc_column_text][vc_empty_space height=\u00a0\u00bb13px\u00a0\u00bb][vc_column_text] Distributeur mais aussi fabricant d&rsquo;articles de sports de glisse, Napco&#8230;<\/p>\n","protected":false},"author":1,"featured_media":0,"parent":0,"menu_order":9,"comment_status":"closed","ping_status":"closed","template":"full_width.php","meta":{"footnotes":""},"class_list":["post-8","page","type-page","status-publish","hentry"],"_links":{"self":[{"href":"https:\/\/www.napcoglobal.com\/fr\/wp-json\/wp\/v2\/pages\/8","targetHints":{"allow":["GET"]}}],"collection":[{"href":"https:\/\/www.napcoglobal.com\/fr\/wp-json\/wp\/v2\/pages"}],"about":[{"href":"https:\/\/www.napcoglobal.com\/fr\/wp-json\/wp\/v2\/types\/page"}],"author":[{"embeddable":true,"href":"https:\/\/www.napcoglobal.com\/fr\/wp-json\/wp\/v2\/users\/1"}],"replies":[{"embeddable":true,"href":"https:\/\/www.napcoglobal.com\/fr\/wp-json\/wp\/v2\/comments?post=8"}],"version-history":[{"count":24,"href":"https:\/\/www.napcoglobal.com\/fr\/wp-json\/wp\/v2\/pages\/8\/revisions"}],"predecessor-version":[{"id":750,"href":"https:\/\/www.napcoglobal.com\/fr\/wp-json\/wp\/v2\/pages\/8\/revisions\/750"}],"wp:attachment":[{"href":"https:\/\/www.napcoglobal.com\/fr\/wp-json\/wp\/v2\/media?parent=8"}],"curies":[{"name":"wp","href":"https:\/\/api.w.org\/{rel}","templated":true}]}}